{"id":50479,"date":"2015-04-07T13:25:48","date_gmt":"2015-04-07T13:25:48","guid":{"rendered":"http:\/\/srvcresotest.apra.it\/wp_bocchini\/?page_id=50479"},"modified":"2015-07-30T10:37:37","modified_gmt":"2015-07-30T10:37:37","slug":"azienda","status":"publish","type":"page","link":"https:\/\/www.bocchini.it\/it\/azienda\/","title":{"rendered":"Azienda"},"content":{"rendered":"<section class=\"wpb-content-wrapper\"><p>[vc_row row_type=&#8221;row&#8221; use_row_as_full_screen_section=&#8221;yes&#8221; type=&#8221;full_width&#8221; icon_pack=&#8221;font_awesome&#8221; oblique_section=&#8221;no&#8221; oblique_section_top_and_bottom=&#8221;both&#8221; oblique_section_position=&#8221;from_left_to_right&#8221; text_align=&#8221;left&#8221; triangle_shape=&#8221;no&#8221; triangle_shape_position=&#8221;top&#8221; full_screen_section_height=&#8221;no&#8221; vertically_align_content_in_middle=&#8221;no&#8221; triangle_shape_color=&#8221;#ffffff&#8221; in_content_menu=&#8221;&#8221; content_menu_title=&#8221;aaaaaa&#8221; pattern_background=&#8221;&#8221; use_as_box=&#8221;&#8221; logo_in_content_menu=&#8221;&#8221; content_menu_border_bottom=&#8221;&#8221; content_menu_border_style=&#8221;solid&#8221; box_shadow_on_row=&#8221;no&#8221; content_menu_fa_icon=&#8221;fa-apple&#8221; background_color=&#8221;#868178&#8243;][vc_column width=&#8221;1\/2&#8243;][vc_column_text css=&#8221;.vc_custom_1428910775434{padding-top: 60px !important;padding-right: 98px !important;padding-left: 49px !important;}&#8221; el_class=&#8221;white&#8221;]<\/p>\n<h3>Chi siamo<\/h3>\n<p style=\"text-align: justify;\">La nostra famiglia, giunta alla terza generazione, guida l\u2019azienda dal 1960 e l\u2019ha condotta ad affermarsi nel mondo. Abbiamo una storia gloriosa nel settore degli arredamenti e delle attrezzature per i locali pubblici e rappresentiamo un\u2019importantissima eccellenza italiana. \u2028Anche per il futuro i nostri valori resteranno quelli di sempre, quei valori che ci hanno consentito di arrivare fin qui: il gusto del fare,\u00a0la passione per i dettagli, l\u2019innato senso dello stile, le competenze per realizzare l\u2019opera.\u2028 Continueremo a\u00a0generare idee e a garantire la migliore qualit\u00e0 per\u00a0rendere ogni ambiente esclusivo, unico, profittevole, cucito su misura per le esigenze del cliente.[\/vc_column_text][vc_separator type=&#8221;transparent&#8221; position=&#8221;center&#8221; up=&#8221;18&#8243; down=&#8221;18&#8243;][vc_column_text el_class=&#8221;white&#8221; css=&#8221;.vc_custom_1428676425919{padding-right: 98px !important;padding-bottom: 50px !important;padding-left: 49px !important;}&#8221;]<\/p>\n<h3>Il nostro stile d&#8217;impresa<\/h3>\n<p style=\"text-align: justify;\">Bocchini \u00e8 una grande famiglia che cresce costantemente perch\u00e9 ogni persona che lavora al suo interno ne \u00e8 parte integrante.\u2028 Ad ognuno di loro vogliamo trasmettere i valori che hanno reso famoso il nostro brand: la passione, lo stile, l\u2019abilit\u00e0 nel coniugare estetica e funzionalit\u00e0, il rispetto per le persone. Stare con i piedi ben piantati a terra ma riuscire a vedere le cose dall&#8217;alto: questa \u00e8 la nostra identit\u00e0. Ognuno sapr\u00e0 reinterpretarla e valorizzarla: abbiamo la presunzione di pensare che questa sia la formula giusta per il successo.[\/vc_column_text][\/vc_column][vc_column width=&#8221;1\/2&#8243; css=&#8221;.vc_custom_1428674795868{padding-left: 0px !important;}&#8221;][vc_single_image image=&#8221;50502&#8243; alignment=&#8221;right&#8221; border_color=&#8221;grey&#8221; img_link_large=&#8221;&#8221; img_link_target=&#8221;_self&#8221; img_size=&#8221;full&#8221; css=&#8221;.vc_custom_1428486671912{background-position: center !important;background-repeat: no-repeat !important;background-size: contain !important;}&#8221;][\/vc_column][\/vc_row]<\/p>\n<\/section>","protected":false},"excerpt":{"rendered":"<p>[vc_row row_type=&#8221;row&#8221; use_row_as_full_screen_section=&#8221;yes&#8221; type=&#8221;full_width&#8221; icon_pack=&#8221;font_awesome&#8221; oblique_section=&#8221;no&#8221; oblique_section_top_and_bottom=&#8221;both&#8221; oblique_section_position=&#8221;from_left_to_right&#8221; text_align=&#8221;left&#8221; triangle_shape=&#8221;no&#8221; triangle_shape_position=&#8221;top&#8221; full_screen_section_height=&#8221;no&#8221; vertically_align_content_in_middle=&#8221;no&#8221; triangle_shape_color=&#8221;#ffffff&#8221; in_content_menu=&#8221;&#8221; content_menu_title=&#8221;aaaaaa&#8221; pattern_background=&#8221;&#8221; use_as_box=&#8221;&#8221; logo_in_content_menu=&#8221;&#8221; content_menu_border_bottom=&#8221;&#8221; content_menu_border_style=&#8221;solid&#8221; box_shadow_on_row=&#8221;no&#8221; content_menu_fa_icon=&#8221;fa-apple&#8221; background_color=&#8221;#868178&#8243;][vc_column width=&#8221;1\/2&#8243;][vc_column_text css=&#8221;.vc_custom_1428910775434{padding-top: 60px !important;padding-right: 98px !important;padding-left: 49px !important;}&#8221; el_class=&#8221;white&#8221;] Chi siamo La nostra famiglia, giunta alla terza generazione, guida l\u2019azienda dal&#8230;<\/p>\n","protected":false},"author":6,"featured_media":0,"parent":0,"menu_order":0,"comment_status":"closed","ping_status":"closed","template":"full_width.php","meta":{"footnotes":""},"class_list":["post-50479","page","type-page","status-publish","hentry"],"yoast_head":"<!-- This site is optimized with the Yoast SEO plugin v27.3 - https:\/\/yoast.com\/product\/yoast-seo-wordpress\/ -->\n<title>Arredamento per Locali Pubblici | Bocchini Arredamenti<\/title>\n<meta name=\"description\" content=\"Bocchini dal 1960 nel settore dell&#039;arredamento per locali pubblici: Generare idee e a garantire la migliore qualit\u00e0 per rendere ogni ambiente esclusivo.\" \/>\n<meta name=\"robots\" content=\"index, follow, max-snippet:-1, max-image-preview:large, max-video-preview:-1\" \/>\n<link rel=\"canonical\" href=\"https:\/\/www.bocchini.it\/it\/azienda\/\" \/>\n<meta property=\"og:locale\" content=\"it_IT\" \/>\n<meta property=\"og:type\" content=\"article\" \/>\n<meta property=\"og:title\" content=\"Arredamento per Locali Pubblici | Bocchini Arredamenti\" \/>\n<meta property=\"og:description\" content=\"Bocchini dal 1960 nel settore dell&#039;arredamento per locali pubblici: Generare idee e a garantire la migliore qualit\u00e0 per rendere ogni ambiente esclusivo.\" \/>\n<meta property=\"og:url\" content=\"https:\/\/www.bocchini.it\/it\/azienda\/\" \/>\n<meta property=\"og:site_name\" content=\"Bocchini Arredamenti\" \/>\n<meta property=\"article:publisher\" content=\"https:\/\/www.facebook.com\/BocchiniArredamenti\/\" \/>\n<meta property=\"article:modified_time\" content=\"2015-07-30T10:37:37+00:00\" \/>\n<meta property=\"og:image\" content=\"https:\/\/www.bocchini.it\/wp-content\/uploads\/2015\/04\/cantiniere2.jpg\" \/>\n\t<meta property=\"og:image:width\" content=\"800\" \/>\n\t<meta property=\"og:image:height\" content=\"600\" \/>\n\t<meta property=\"og:image:type\" content=\"image\/jpeg\" \/>\n<meta name=\"twitter:card\" content=\"summary_large_image\" \/>\n<meta name=\"twitter:label1\" content=\"Tempo di lettura stimato\" \/>\n\t<meta name=\"twitter:data1\" content=\"2 minuti\" \/>\n<script type=\"application\/ld+json\" class=\"yoast-schema-graph\">{\"@context\":\"https:\\\/\\\/schema.org\",\"@graph\":[{\"@type\":\"WebPage\",\"@id\":\"https:\\\/\\\/www.bocchini.it\\\/it\\\/azienda\\\/\",\"url\":\"https:\\\/\\\/www.bocchini.it\\\/it\\\/azienda\\\/\",\"name\":\"Arredamento per Locali Pubblici | Bocchini Arredamenti\",\"isPartOf\":{\"@id\":\"https:\\\/\\\/www.bocchini.it\\\/it\\\/#website\"},\"datePublished\":\"2015-04-07T13:25:48+00:00\",\"dateModified\":\"2015-07-30T10:37:37+00:00\",\"description\":\"Bocchini dal 1960 nel settore dell'arredamento per locali pubblici: Generare idee e a garantire la migliore qualit\u00e0 per rendere ogni ambiente esclusivo.\",\"breadcrumb\":{\"@id\":\"https:\\\/\\\/www.bocchini.it\\\/it\\\/azienda\\\/#breadcrumb\"},\"inLanguage\":\"it-IT\",\"potentialAction\":[{\"@type\":\"ReadAction\",\"target\":[\"https:\\\/\\\/www.bocchini.it\\\/it\\\/azienda\\\/\"]}]},{\"@type\":\"BreadcrumbList\",\"@id\":\"https:\\\/\\\/www.bocchini.it\\\/it\\\/azienda\\\/#breadcrumb\",\"itemListElement\":[{\"@type\":\"ListItem\",\"position\":1,\"name\":\"Home\",\"item\":\"https:\\\/\\\/www.bocchini.it\\\/it\\\/\"},{\"@type\":\"ListItem\",\"position\":2,\"name\":\"Azienda\"}]},{\"@type\":\"WebSite\",\"@id\":\"https:\\\/\\\/www.bocchini.it\\\/it\\\/#website\",\"url\":\"https:\\\/\\\/www.bocchini.it\\\/it\\\/\",\"name\":\"Bocchini Arredamenti\",\"description\":\"\",\"potentialAction\":[{\"@type\":\"SearchAction\",\"target\":{\"@type\":\"EntryPoint\",\"urlTemplate\":\"https:\\\/\\\/www.bocchini.it\\\/it\\\/?s={search_term_string}\"},\"query-input\":{\"@type\":\"PropertyValueSpecification\",\"valueRequired\":true,\"valueName\":\"search_term_string\"}}],\"inLanguage\":\"it-IT\"}]}<\/script>\n<!-- \/ Yoast SEO plugin. -->","yoast_head_json":{"title":"Arredamento per Locali Pubblici | Bocchini Arredamenti","description":"Bocchini dal 1960 nel settore dell'arredamento per locali pubblici: Generare idee e a garantire la migliore qualit\u00e0 per rendere ogni ambiente esclusivo.","robots":{"index":"index","follow":"follow","max-snippet":"max-snippet:-1","max-image-preview":"max-image-preview:large","max-video-preview":"max-video-preview:-1"},"canonical":"https:\/\/www.bocchini.it\/it\/azienda\/","og_locale":"it_IT","og_type":"article","og_title":"Arredamento per Locali Pubblici | Bocchini Arredamenti","og_description":"Bocchini dal 1960 nel settore dell'arredamento per locali pubblici: Generare idee e a garantire la migliore qualit\u00e0 per rendere ogni ambiente esclusivo.","og_url":"https:\/\/www.bocchini.it\/it\/azienda\/","og_site_name":"Bocchini Arredamenti","article_publisher":"https:\/\/www.facebook.com\/BocchiniArredamenti\/","article_modified_time":"2015-07-30T10:37:37+00:00","og_image":[{"width":800,"height":600,"url":"https:\/\/www.bocchini.it\/wp-content\/uploads\/2015\/04\/cantiniere2.jpg","type":"image\/jpeg"}],"twitter_card":"summary_large_image","twitter_misc":{"Tempo di lettura stimato":"2 minuti"},"schema":{"@context":"https:\/\/schema.org","@graph":[{"@type":"WebPage","@id":"https:\/\/www.bocchini.it\/it\/azienda\/","url":"https:\/\/www.bocchini.it\/it\/azienda\/","name":"Arredamento per Locali Pubblici | Bocchini Arredamenti","isPartOf":{"@id":"https:\/\/www.bocchini.it\/it\/#website"},"datePublished":"2015-04-07T13:25:48+00:00","dateModified":"2015-07-30T10:37:37+00:00","description":"Bocchini dal 1960 nel settore dell'arredamento per locali pubblici: Generare idee e a garantire la migliore qualit\u00e0 per rendere ogni ambiente esclusivo.","breadcrumb":{"@id":"https:\/\/www.bocchini.it\/it\/azienda\/#breadcrumb"},"inLanguage":"it-IT","potentialAction":[{"@type":"ReadAction","target":["https:\/\/www.bocchini.it\/it\/azienda\/"]}]},{"@type":"BreadcrumbList","@id":"https:\/\/www.bocchini.it\/it\/azienda\/#breadcrumb","itemListElement":[{"@type":"ListItem","position":1,"name":"Home","item":"https:\/\/www.bocchini.it\/it\/"},{"@type":"ListItem","position":2,"name":"Azienda"}]},{"@type":"WebSite","@id":"https:\/\/www.bocchini.it\/it\/#website","url":"https:\/\/www.bocchini.it\/it\/","name":"Bocchini Arredamenti","description":"","potentialAction":[{"@type":"SearchAction","target":{"@type":"EntryPoint","urlTemplate":"https:\/\/www.bocchini.it\/it\/?s={search_term_string}"},"query-input":{"@type":"PropertyValueSpecification","valueRequired":true,"valueName":"search_term_string"}}],"inLanguage":"it-IT"}]}},"_links":{"self":[{"href":"https:\/\/www.bocchini.it\/it\/wp-json\/wp\/v2\/pages\/50479","targetHints":{"allow":["GET"]}}],"collection":[{"href":"https:\/\/www.bocchini.it\/it\/wp-json\/wp\/v2\/pages"}],"about":[{"href":"https:\/\/www.bocchini.it\/it\/wp-json\/wp\/v2\/types\/page"}],"author":[{"embeddable":true,"href":"https:\/\/www.bocchini.it\/it\/wp-json\/wp\/v2\/users\/6"}],"replies":[{"embeddable":true,"href":"https:\/\/www.bocchini.it\/it\/wp-json\/wp\/v2\/comments?post=50479"}],"version-history":[{"count":18,"href":"https:\/\/www.bocchini.it\/it\/wp-json\/wp\/v2\/pages\/50479\/revisions"}],"predecessor-version":[{"id":50702,"href":"https:\/\/www.bocchini.it\/it\/wp-json\/wp\/v2\/pages\/50479\/revisions\/50702"}],"wp:attachment":[{"href":"https:\/\/www.bocchini.it\/it\/wp-json\/wp\/v2\/media?parent=50479"}],"curies":[{"name":"wp","href":"https:\/\/api.w.org\/{rel}","templated":true}]}}